{"id":351366,"date":"2026-04-06T15:27:19","date_gmt":"2026-04-06T14:27:19","guid":{"rendered":"https:\/\/monster-bite.madwise-labs.si\/product\/izdelek-6\/"},"modified":"2026-04-06T15:51:32","modified_gmt":"2026-04-06T14:51:32","slug":"avid-lok-down-drzac-za-mrezu-za-primanje","status":"publish","type":"product","link":"https:\/\/monster-bite.madwise-labs.si\/hr\/proizvod\/avid-lok-down-drzac-za-mrezu-za-primanje\/","title":{"rendered":"AVID LOK DOWN DR\u017dA\u010c ZA MRE\u017dU ZA PRIMANJE"},"content":{"rendered":"","protected":false},"excerpt":{"rendered":"","protected":false},"featured_media":351359,"template":"","meta":{"_acf_changed":false},"product_brand":[],"product_cat":[3028,3399,6419],"product_tag":[],"berocket_brand":[6125],"class_list":{"0":"post-351366","1":"product","2":"type-product","3":"status-publish","4":"has-post-thumbnail","6":"product_cat-slatke-vode-hr","7":"product_cat-saranolov-hr","8":"product_cat-podmetaci-hr","9":"berocket_brand-avid-hr","11":"first","12":"outofstock","13":"taxable","14":"shipping-taxable","15":"purchasable","16":"product-type-simple"},"acf":[],"yoast_head":"<!-- This site is optimized with the Yoast SEO plugin v26.7 - https:\/\/yoast.com\/wordpress\/plugins\/seo\/ -->\n<title>AVID LOK DOWN DR\u017dA\u010c ZA MRE\u017dU ZA PRIMANJE - Monster Bite<\/title>\n<meta name=\"robots\" content=\"noindex, follow, max-snippet:-1, max-image-preview:large, max-video-preview:-1\" \/>\n<meta property=\"og:locale\" content=\"hr_HR\" \/>\n<meta property=\"og:type\" content=\"article\" \/>\n<meta property=\"og:title\" content=\"AVID LOK DOWN DR\u017dA\u010c ZA MRE\u017dU ZA PRIMANJE - Monster Bite\" \/>\n<meta property=\"og:url\" content=\"https:\/\/monster-bite.madwise-labs.si\/hr\/proizvod\/avid-lok-down-drzac-za-mrezu-za-primanje\/\" \/>\n<meta property=\"og:site_name\" content=\"Monster Bite\" \/>\n<meta property=\"article:modified_time\" content=\"2026-04-06T14:51:32+00:00\" \/>\n<meta property=\"og:image\" content=\"https:\/\/monster-bite.madwise-labs.si\/wp-content\/uploads\/2026\/04\/s-l1600-1086.jpg\" \/>\n\t<meta property=\"og:image:width\" content=\"1600\" \/>\n\t<meta property=\"og:image:height\" content=\"1066\" \/>\n\t<meta property=\"og:image:type\" content=\"image\/jpeg\" \/>\n<meta name=\"twitter:card\" content=\"summary_large_image\" \/>\n<script type=\"application\/ld+json\" class=\"yoast-schema-graph\">{\"@context\":\"https:\/\/schema.org\",\"@graph\":[{\"@type\":\"WebPage\",\"@id\":\"https:\/\/monster-bite.madwise-labs.si\/hr\/proizvod\/avid-lok-down-drzac-za-mrezu-za-primanje\/\",\"url\":\"https:\/\/monster-bite.madwise-labs.si\/hr\/proizvod\/avid-lok-down-drzac-za-mrezu-za-primanje\/\",\"name\":\"AVID LOK DOWN DR\u017dA\u010c ZA MRE\u017dU ZA PRIMANJE - Monster Bite\",\"isPartOf\":{\"@id\":\"https:\/\/monster-bite.madwise-labs.si\/hr\/#website\"},\"primaryImageOfPage\":{\"@id\":\"https:\/\/monster-bite.madwise-labs.si\/hr\/proizvod\/avid-lok-down-drzac-za-mrezu-za-primanje\/#primaryimage\"},\"image\":{\"@id\":\"https:\/\/monster-bite.madwise-labs.si\/hr\/proizvod\/avid-lok-down-drzac-za-mrezu-za-primanje\/#primaryimage\"},\"thumbnailUrl\":\"https:\/\/monster-bite.madwise-labs.si\/wp-content\/uploads\/2026\/04\/s-l1600-1086.jpg\",\"datePublished\":\"2026-04-06T14:27:19+00:00\",\"dateModified\":\"2026-04-06T14:51:32+00:00\",\"breadcrumb\":{\"@id\":\"https:\/\/monster-bite.madwise-labs.si\/hr\/proizvod\/avid-lok-down-drzac-za-mrezu-za-primanje\/#breadcrumb\"},\"inLanguage\":\"hr\",\"potentialAction\":[{\"@type\":\"ReadAction\",\"target\":[\"https:\/\/monster-bite.madwise-labs.si\/hr\/proizvod\/avid-lok-down-drzac-za-mrezu-za-primanje\/\"]}]},{\"@type\":\"ImageObject\",\"inLanguage\":\"hr\",\"@id\":\"https:\/\/monster-bite.madwise-labs.si\/hr\/proizvod\/avid-lok-down-drzac-za-mrezu-za-primanje\/#primaryimage\",\"url\":\"https:\/\/monster-bite.madwise-labs.si\/wp-content\/uploads\/2026\/04\/s-l1600-1086.jpg\",\"contentUrl\":\"https:\/\/monster-bite.madwise-labs.si\/wp-content\/uploads\/2026\/04\/s-l1600-1086.jpg\",\"width\":1600,\"height\":1066},{\"@type\":\"BreadcrumbList\",\"@id\":\"https:\/\/monster-bite.madwise-labs.si\/hr\/proizvod\/avid-lok-down-drzac-za-mrezu-za-primanje\/#breadcrumb\",\"itemListElement\":[{\"@type\":\"ListItem\",\"position\":1,\"name\":\"Domov\",\"item\":\"https:\/\/monster-bite.madwise-labs.si\/hr\/\"},{\"@type\":\"ListItem\",\"position\":2,\"name\":\"Trgovina\",\"item\":\"https:\/\/monster-bite.madwise-labs.si\/hr\/trgovina\/\"},{\"@type\":\"ListItem\",\"position\":3,\"name\":\"AVID LOK DOWN DR\u017dA\u010c ZA MRE\u017dU ZA PRIMANJE\"}]},{\"@type\":\"WebSite\",\"@id\":\"https:\/\/monster-bite.madwise-labs.si\/hr\/#website\",\"url\":\"https:\/\/monster-bite.madwise-labs.si\/hr\/\",\"name\":\"Monster Bite\",\"description\":\"\",\"potentialAction\":[{\"@type\":\"SearchAction\",\"target\":{\"@type\":\"EntryPoint\",\"urlTemplate\":\"https:\/\/monster-bite.madwise-labs.si\/hr\/?s={search_term_string}\"},\"query-input\":{\"@type\":\"PropertyValueSpecification\",\"valueRequired\":true,\"valueName\":\"search_term_string\"}}],\"inLanguage\":\"hr\"}]}<\/script>\n<!-- \/ Yoast SEO plugin. -->","yoast_head_json":{"title":"AVID LOK DOWN DR\u017dA\u010c ZA MRE\u017dU ZA PRIMANJE - Monster Bite","robots":{"index":"noindex","follow":"follow","max-snippet":"max-snippet:-1","max-image-preview":"max-image-preview:large","max-video-preview":"max-video-preview:-1"},"og_locale":"hr_HR","og_type":"article","og_title":"AVID LOK DOWN DR\u017dA\u010c ZA MRE\u017dU ZA PRIMANJE - Monster Bite","og_url":"https:\/\/monster-bite.madwise-labs.si\/hr\/proizvod\/avid-lok-down-drzac-za-mrezu-za-primanje\/","og_site_name":"Monster Bite","article_modified_time":"2026-04-06T14:51:32+00:00","og_image":[{"width":1600,"height":1066,"url":"https:\/\/monster-bite.madwise-labs.si\/wp-content\/uploads\/2026\/04\/s-l1600-1086.jpg","type":"image\/jpeg"}],"twitter_card":"summary_large_image","schema":{"@context":"https:\/\/schema.org","@graph":[{"@type":"WebPage","@id":"https:\/\/monster-bite.madwise-labs.si\/hr\/proizvod\/avid-lok-down-drzac-za-mrezu-za-primanje\/","url":"https:\/\/monster-bite.madwise-labs.si\/hr\/proizvod\/avid-lok-down-drzac-za-mrezu-za-primanje\/","name":"AVID LOK DOWN DR\u017dA\u010c ZA MRE\u017dU ZA PRIMANJE - Monster Bite","isPartOf":{"@id":"https:\/\/monster-bite.madwise-labs.si\/hr\/#website"},"primaryImageOfPage":{"@id":"https:\/\/monster-bite.madwise-labs.si\/hr\/proizvod\/avid-lok-down-drzac-za-mrezu-za-primanje\/#primaryimage"},"image":{"@id":"https:\/\/monster-bite.madwise-labs.si\/hr\/proizvod\/avid-lok-down-drzac-za-mrezu-za-primanje\/#primaryimage"},"thumbnailUrl":"https:\/\/monster-bite.madwise-labs.si\/wp-content\/uploads\/2026\/04\/s-l1600-1086.jpg","datePublished":"2026-04-06T14:27:19+00:00","dateModified":"2026-04-06T14:51:32+00:00","breadcrumb":{"@id":"https:\/\/monster-bite.madwise-labs.si\/hr\/proizvod\/avid-lok-down-drzac-za-mrezu-za-primanje\/#breadcrumb"},"inLanguage":"hr","potentialAction":[{"@type":"ReadAction","target":["https:\/\/monster-bite.madwise-labs.si\/hr\/proizvod\/avid-lok-down-drzac-za-mrezu-za-primanje\/"]}]},{"@type":"ImageObject","inLanguage":"hr","@id":"https:\/\/monster-bite.madwise-labs.si\/hr\/proizvod\/avid-lok-down-drzac-za-mrezu-za-primanje\/#primaryimage","url":"https:\/\/monster-bite.madwise-labs.si\/wp-content\/uploads\/2026\/04\/s-l1600-1086.jpg","contentUrl":"https:\/\/monster-bite.madwise-labs.si\/wp-content\/uploads\/2026\/04\/s-l1600-1086.jpg","width":1600,"height":1066},{"@type":"BreadcrumbList","@id":"https:\/\/monster-bite.madwise-labs.si\/hr\/proizvod\/avid-lok-down-drzac-za-mrezu-za-primanje\/#breadcrumb","itemListElement":[{"@type":"ListItem","position":1,"name":"Domov","item":"https:\/\/monster-bite.madwise-labs.si\/hr\/"},{"@type":"ListItem","position":2,"name":"Trgovina","item":"https:\/\/monster-bite.madwise-labs.si\/hr\/trgovina\/"},{"@type":"ListItem","position":3,"name":"AVID LOK DOWN DR\u017dA\u010c ZA MRE\u017dU ZA PRIMANJE"}]},{"@type":"WebSite","@id":"https:\/\/monster-bite.madwise-labs.si\/hr\/#website","url":"https:\/\/monster-bite.madwise-labs.si\/hr\/","name":"Monster Bite","description":"","potentialAction":[{"@type":"SearchAction","target":{"@type":"EntryPoint","urlTemplate":"https:\/\/monster-bite.madwise-labs.si\/hr\/?s={search_term_string}"},"query-input":{"@type":"PropertyValueSpecification","valueRequired":true,"valueName":"search_term_string"}}],"inLanguage":"hr"}]}},"_links":{"self":[{"href":"https:\/\/monster-bite.madwise-labs.si\/hr\/wp-json\/wp\/v2\/product\/351366","targetHints":{"allow":["GET"]}}],"collection":[{"href":"https:\/\/monster-bite.madwise-labs.si\/hr\/wp-json\/wp\/v2\/product"}],"about":[{"href":"https:\/\/monster-bite.madwise-labs.si\/hr\/wp-json\/wp\/v2\/types\/product"}],"wp:featuredmedia":[{"embeddable":true,"href":"https:\/\/monster-bite.madwise-labs.si\/hr\/wp-json\/wp\/v2\/media\/351359"}],"wp:attachment":[{"href":"https:\/\/monster-bite.madwise-labs.si\/hr\/wp-json\/wp\/v2\/media?parent=351366"}],"wp:term":[{"taxonomy":"product_brand","embeddable":true,"href":"https:\/\/monster-bite.madwise-labs.si\/hr\/wp-json\/wp\/v2\/product_brand?post=351366"},{"taxonomy":"product_cat","embeddable":true,"href":"https:\/\/monster-bite.madwise-labs.si\/hr\/wp-json\/wp\/v2\/product_cat?post=351366"},{"taxonomy":"product_tag","embeddable":true,"href":"https:\/\/monster-bite.madwise-labs.si\/hr\/wp-json\/wp\/v2\/product_tag?post=351366"},{"taxonomy":"berocket_brand","embeddable":true,"href":"https:\/\/monster-bite.madwise-labs.si\/hr\/wp-json\/wp\/v2\/berocket_brand?post=351366"}],"curies":[{"name":"wp","href":"https:\/\/api.w.org\/{rel}","templated":true}]}}