{"id":351735,"date":"2026-04-06T15:34:18","date_gmt":"2026-04-06T14:34:18","guid":{"rendered":"https:\/\/monster-bite.madwise-labs.si\/product\/izdelek-6\/"},"modified":"2026-04-06T16:07:11","modified_gmt":"2026-04-06T15:07:11","slug":"preston-molde-mini-de-liberacion-rapida-para-metodo","status":"publish","type":"product","link":"https:\/\/monster-bite.madwise-labs.si\/es\/producto\/preston-molde-mini-de-liberacion-rapida-para-metodo\/","title":{"rendered":"PRESTON MOLDE MINI DE LIBERACI\u00d3N R\u00c1PIDA PARA M\u00c9TODO"},"content":{"rendered":"","protected":false},"excerpt":{"rendered":"","protected":false},"featured_media":351723,"template":"","meta":{"_acf_changed":false},"product_brand":[],"product_cat":[3033,3404,6102,6109],"product_tag":[],"berocket_brand":[6263],"class_list":{"0":"post-351735","1":"product","2":"type-product","3":"status-publish","4":"has-post-thumbnail","6":"product_cat-agua-dulce-es","7":"product_cat-pesca-de-carpa-es","8":"product_cat-plomos-es","9":"product_cat-feeder-plomos-es","10":"berocket_brand-preston-es","12":"first","13":"outofstock","14":"taxable","15":"shipping-taxable","16":"purchasable","17":"product-type-simple"},"acf":[],"yoast_head":"<!-- This site is optimized with the Yoast SEO plugin v26.7 - https:\/\/yoast.com\/wordpress\/plugins\/seo\/ -->\n<title>PRESTON MOLDE MINI DE LIBERACI\u00d3N R\u00c1PIDA PARA M\u00c9TODO - Monster Bite<\/title>\n<meta name=\"robots\" content=\"noindex, follow, max-snippet:-1, max-image-preview:large, max-video-preview:-1\" \/>\n<meta property=\"og:locale\" content=\"es_ES\" \/>\n<meta property=\"og:type\" content=\"article\" \/>\n<meta property=\"og:title\" content=\"PRESTON MOLDE MINI DE LIBERACI\u00d3N R\u00c1PIDA PARA M\u00c9TODO - Monster Bite\" \/>\n<meta property=\"og:url\" content=\"https:\/\/monster-bite.madwise-labs.si\/es\/producto\/preston-molde-mini-de-liberacion-rapida-para-metodo\/\" \/>\n<meta property=\"og:site_name\" content=\"Monster Bite\" \/>\n<meta property=\"article:modified_time\" content=\"2026-04-06T15:07:11+00:00\" \/>\n<meta property=\"og:image\" content=\"https:\/\/monster-bite.madwise-labs.si\/wp-content\/uploads\/2026\/04\/s-l1600-44-683x1024.png\" \/>\n\t<meta property=\"og:image:width\" content=\"683\" \/>\n\t<meta property=\"og:image:height\" content=\"1024\" \/>\n\t<meta property=\"og:image:type\" content=\"image\/png\" \/>\n<meta name=\"twitter:card\" content=\"summary_large_image\" \/>\n<script type=\"application\/ld+json\" class=\"yoast-schema-graph\">{\"@context\":\"https:\/\/schema.org\",\"@graph\":[{\"@type\":\"WebPage\",\"@id\":\"https:\/\/monster-bite.madwise-labs.si\/es\/producto\/preston-molde-mini-de-liberacion-rapida-para-metodo\/\",\"url\":\"https:\/\/monster-bite.madwise-labs.si\/es\/producto\/preston-molde-mini-de-liberacion-rapida-para-metodo\/\",\"name\":\"PRESTON MOLDE MINI DE LIBERACI\u00d3N R\u00c1PIDA PARA M\u00c9TODO - Monster Bite\",\"isPartOf\":{\"@id\":\"https:\/\/monster-bite.madwise-labs.si\/es\/#website\"},\"primaryImageOfPage\":{\"@id\":\"https:\/\/monster-bite.madwise-labs.si\/es\/producto\/preston-molde-mini-de-liberacion-rapida-para-metodo\/#primaryimage\"},\"image\":{\"@id\":\"https:\/\/monster-bite.madwise-labs.si\/es\/producto\/preston-molde-mini-de-liberacion-rapida-para-metodo\/#primaryimage\"},\"thumbnailUrl\":\"https:\/\/monster-bite.madwise-labs.si\/wp-content\/uploads\/2026\/04\/s-l1600-44.png\",\"datePublished\":\"2026-04-06T14:34:18+00:00\",\"dateModified\":\"2026-04-06T15:07:11+00:00\",\"breadcrumb\":{\"@id\":\"https:\/\/monster-bite.madwise-labs.si\/es\/producto\/preston-molde-mini-de-liberacion-rapida-para-metodo\/#breadcrumb\"},\"inLanguage\":\"es\",\"potentialAction\":[{\"@type\":\"ReadAction\",\"target\":[\"https:\/\/monster-bite.madwise-labs.si\/es\/producto\/preston-molde-mini-de-liberacion-rapida-para-metodo\/\"]}]},{\"@type\":\"ImageObject\",\"inLanguage\":\"es\",\"@id\":\"https:\/\/monster-bite.madwise-labs.si\/es\/producto\/preston-molde-mini-de-liberacion-rapida-para-metodo\/#primaryimage\",\"url\":\"https:\/\/monster-bite.madwise-labs.si\/wp-content\/uploads\/2026\/04\/s-l1600-44.png\",\"contentUrl\":\"https:\/\/monster-bite.madwise-labs.si\/wp-content\/uploads\/2026\/04\/s-l1600-44.png\",\"width\":1067,\"height\":1600},{\"@type\":\"BreadcrumbList\",\"@id\":\"https:\/\/monster-bite.madwise-labs.si\/es\/producto\/preston-molde-mini-de-liberacion-rapida-para-metodo\/#breadcrumb\",\"itemListElement\":[{\"@type\":\"ListItem\",\"position\":1,\"name\":\"Domov\",\"item\":\"https:\/\/monster-bite.madwise-labs.si\/es\/\"},{\"@type\":\"ListItem\",\"position\":2,\"name\":\"Tienda\",\"item\":\"https:\/\/monster-bite.madwise-labs.si\/es\/tienda\/\"},{\"@type\":\"ListItem\",\"position\":3,\"name\":\"PRESTON MOLDE MINI DE LIBERACI\u00d3N R\u00c1PIDA PARA M\u00c9TODO\"}]},{\"@type\":\"WebSite\",\"@id\":\"https:\/\/monster-bite.madwise-labs.si\/es\/#website\",\"url\":\"https:\/\/monster-bite.madwise-labs.si\/es\/\",\"name\":\"Monster Bite\",\"description\":\"\",\"potentialAction\":[{\"@type\":\"SearchAction\",\"target\":{\"@type\":\"EntryPoint\",\"urlTemplate\":\"https:\/\/monster-bite.madwise-labs.si\/es\/?s={search_term_string}\"},\"query-input\":{\"@type\":\"PropertyValueSpecification\",\"valueRequired\":true,\"valueName\":\"search_term_string\"}}],\"inLanguage\":\"es\"}]}<\/script>\n<!-- \/ Yoast SEO plugin. -->","yoast_head_json":{"title":"PRESTON MOLDE MINI DE LIBERACI\u00d3N R\u00c1PIDA PARA M\u00c9TODO - Monster Bite","robots":{"index":"noindex","follow":"follow","max-snippet":"max-snippet:-1","max-image-preview":"max-image-preview:large","max-video-preview":"max-video-preview:-1"},"og_locale":"es_ES","og_type":"article","og_title":"PRESTON MOLDE MINI DE LIBERACI\u00d3N R\u00c1PIDA PARA M\u00c9TODO - Monster Bite","og_url":"https:\/\/monster-bite.madwise-labs.si\/es\/producto\/preston-molde-mini-de-liberacion-rapida-para-metodo\/","og_site_name":"Monster Bite","article_modified_time":"2026-04-06T15:07:11+00:00","og_image":[{"width":683,"height":1024,"url":"https:\/\/monster-bite.madwise-labs.si\/wp-content\/uploads\/2026\/04\/s-l1600-44-683x1024.png","type":"image\/png"}],"twitter_card":"summary_large_image","schema":{"@context":"https:\/\/schema.org","@graph":[{"@type":"WebPage","@id":"https:\/\/monster-bite.madwise-labs.si\/es\/producto\/preston-molde-mini-de-liberacion-rapida-para-metodo\/","url":"https:\/\/monster-bite.madwise-labs.si\/es\/producto\/preston-molde-mini-de-liberacion-rapida-para-metodo\/","name":"PRESTON MOLDE MINI DE LIBERACI\u00d3N R\u00c1PIDA PARA M\u00c9TODO - Monster Bite","isPartOf":{"@id":"https:\/\/monster-bite.madwise-labs.si\/es\/#website"},"primaryImageOfPage":{"@id":"https:\/\/monster-bite.madwise-labs.si\/es\/producto\/preston-molde-mini-de-liberacion-rapida-para-metodo\/#primaryimage"},"image":{"@id":"https:\/\/monster-bite.madwise-labs.si\/es\/producto\/preston-molde-mini-de-liberacion-rapida-para-metodo\/#primaryimage"},"thumbnailUrl":"https:\/\/monster-bite.madwise-labs.si\/wp-content\/uploads\/2026\/04\/s-l1600-44.png","datePublished":"2026-04-06T14:34:18+00:00","dateModified":"2026-04-06T15:07:11+00:00","breadcrumb":{"@id":"https:\/\/monster-bite.madwise-labs.si\/es\/producto\/preston-molde-mini-de-liberacion-rapida-para-metodo\/#breadcrumb"},"inLanguage":"es","potentialAction":[{"@type":"ReadAction","target":["https:\/\/monster-bite.madwise-labs.si\/es\/producto\/preston-molde-mini-de-liberacion-rapida-para-metodo\/"]}]},{"@type":"ImageObject","inLanguage":"es","@id":"https:\/\/monster-bite.madwise-labs.si\/es\/producto\/preston-molde-mini-de-liberacion-rapida-para-metodo\/#primaryimage","url":"https:\/\/monster-bite.madwise-labs.si\/wp-content\/uploads\/2026\/04\/s-l1600-44.png","contentUrl":"https:\/\/monster-bite.madwise-labs.si\/wp-content\/uploads\/2026\/04\/s-l1600-44.png","width":1067,"height":1600},{"@type":"BreadcrumbList","@id":"https:\/\/monster-bite.madwise-labs.si\/es\/producto\/preston-molde-mini-de-liberacion-rapida-para-metodo\/#breadcrumb","itemListElement":[{"@type":"ListItem","position":1,"name":"Domov","item":"https:\/\/monster-bite.madwise-labs.si\/es\/"},{"@type":"ListItem","position":2,"name":"Tienda","item":"https:\/\/monster-bite.madwise-labs.si\/es\/tienda\/"},{"@type":"ListItem","position":3,"name":"PRESTON MOLDE MINI DE LIBERACI\u00d3N R\u00c1PIDA PARA M\u00c9TODO"}]},{"@type":"WebSite","@id":"https:\/\/monster-bite.madwise-labs.si\/es\/#website","url":"https:\/\/monster-bite.madwise-labs.si\/es\/","name":"Monster Bite","description":"","potentialAction":[{"@type":"SearchAction","target":{"@type":"EntryPoint","urlTemplate":"https:\/\/monster-bite.madwise-labs.si\/es\/?s={search_term_string}"},"query-input":{"@type":"PropertyValueSpecification","valueRequired":true,"valueName":"search_term_string"}}],"inLanguage":"es"}]}},"_links":{"self":[{"href":"https:\/\/monster-bite.madwise-labs.si\/es\/wp-json\/wp\/v2\/product\/351735","targetHints":{"allow":["GET"]}}],"collection":[{"href":"https:\/\/monster-bite.madwise-labs.si\/es\/wp-json\/wp\/v2\/product"}],"about":[{"href":"https:\/\/monster-bite.madwise-labs.si\/es\/wp-json\/wp\/v2\/types\/product"}],"wp:featuredmedia":[{"embeddable":true,"href":"https:\/\/monster-bite.madwise-labs.si\/es\/wp-json\/wp\/v2\/media\/351723"}],"wp:attachment":[{"href":"https:\/\/monster-bite.madwise-labs.si\/es\/wp-json\/wp\/v2\/media?parent=351735"}],"wp:term":[{"taxonomy":"product_brand","embeddable":true,"href":"https:\/\/monster-bite.madwise-labs.si\/es\/wp-json\/wp\/v2\/product_brand?post=351735"},{"taxonomy":"product_cat","embeddable":true,"href":"https:\/\/monster-bite.madwise-labs.si\/es\/wp-json\/wp\/v2\/product_cat?post=351735"},{"taxonomy":"product_tag","embeddable":true,"href":"https:\/\/monster-bite.madwise-labs.si\/es\/wp-json\/wp\/v2\/product_tag?post=351735"},{"taxonomy":"berocket_brand","embeddable":true,"href":"https:\/\/monster-bite.madwise-labs.si\/es\/wp-json\/wp\/v2\/berocket_brand?post=351735"}],"curies":[{"name":"wp","href":"https:\/\/api.w.org\/{rel}","templated":true}]}}