{"id":14213,"date":"2025-01-10T11:57:50","date_gmt":"2025-01-10T10:57:50","guid":{"rendered":"https:\/\/monster-bite.madwise-labs.si\/domaca-stran\/"},"modified":"2026-03-23T19:55:53","modified_gmt":"2026-03-23T18:55:53","slug":"domaca-stran","status":"publish","type":"page","link":"https:\/\/monster-bite.madwise-labs.si\/de\/","title":{"rendered":"Monster Bite \u2013 Angelshop f\u00fcr jeden Geschmack"},"content":{"rendered":"","protected":false},"excerpt":{"rendered":"","protected":false},"author":1,"featured_media":14258,"parent":0,"menu_order":0,"comment_status":"closed","ping_status":"closed","template":"","meta":{"_acf_changed":false},"class_list":["post-14213","page","type-page","status-publish","has-post-thumbnail","hentry"],"acf":[],"yoast_head":"<!-- This site is optimized with the Yoast SEO plugin v26.7 - https:\/\/yoast.com\/wordpress\/plugins\/seo\/ -->\n<title>Monster Bite \u2013 Angelshop f\u00fcr jeden Geschmack<\/title>\n<meta name=\"description\" content=\"Entdecken Sie ein breites Sortiment hochwertiger Angelausr\u00fcstung. Alles f\u00fcr Meeres- und S\u00fc\u00dfwasserangeln. W\u00e4hlen Sie Ihr Angelzubeh\u00f6r.\" \/>\n<meta name=\"robots\" content=\"noindex, follow, max-snippet:-1, max-image-preview:large, max-video-preview:-1\" \/>\n<meta property=\"og:locale\" content=\"de_DE\" \/>\n<meta property=\"og:type\" content=\"article\" \/>\n<meta property=\"og:title\" content=\"Monster Bite \u2013 Angelshop f\u00fcr jeden Geschmack\" \/>\n<meta property=\"og:description\" content=\"Entdecken Sie ein breites Sortiment hochwertiger Angelausr\u00fcstung. Alles f\u00fcr Meeres- und S\u00fc\u00dfwasserangeln. W\u00e4hlen Sie Ihr Angelzubeh\u00f6r.\" \/>\n<meta property=\"og:url\" content=\"https:\/\/monster-bite.madwise-labs.si\/de\/\" \/>\n<meta property=\"og:site_name\" content=\"Monster Bite\" \/>\n<meta property=\"article:modified_time\" content=\"2026-03-23T18:55:53+00:00\" \/>\n<meta property=\"og:image\" content=\"https:\/\/monster-bite.madwise-labs.si\/wp-content\/uploads\/2026\/02\/MB-ogimg.jpg\" \/>\n\t<meta property=\"og:image:width\" content=\"1200\" \/>\n\t<meta property=\"og:image:height\" content=\"630\" \/>\n\t<meta property=\"og:image:type\" content=\"image\/jpeg\" \/>\n<meta name=\"twitter:card\" content=\"summary_large_image\" \/>\n<meta name=\"twitter:label1\" content=\"Gesch\u00e4tzte Lesezeit\" \/>\n\t<meta name=\"twitter:data1\" content=\"1\u00a0Minute\" \/>\n<script type=\"application\/ld+json\" class=\"yoast-schema-graph\">{\"@context\":\"https:\/\/schema.org\",\"@graph\":[{\"@type\":\"WebPage\",\"@id\":\"https:\/\/monster-bite.madwise-labs.si\/de\/\",\"url\":\"https:\/\/monster-bite.madwise-labs.si\/de\/\",\"name\":\"Monster Bite \u2013 Angelshop f\u00fcr jeden Geschmack\",\"isPartOf\":{\"@id\":\"https:\/\/monster-bite.madwise-labs.si\/de\/#website\"},\"primaryImageOfPage\":{\"@id\":\"https:\/\/monster-bite.madwise-labs.si\/de\/#primaryimage\"},\"image\":{\"@id\":\"https:\/\/monster-bite.madwise-labs.si\/de\/#primaryimage\"},\"thumbnailUrl\":\"https:\/\/monster-bite.madwise-labs.si\/wp-content\/uploads\/2026\/02\/MB-ogimg.jpg\",\"datePublished\":\"2025-01-10T10:57:50+00:00\",\"dateModified\":\"2026-03-23T18:55:53+00:00\",\"description\":\"Entdecken Sie ein breites Sortiment hochwertiger Angelausr\u00fcstung. Alles f\u00fcr Meeres- und S\u00fc\u00dfwasserangeln. W\u00e4hlen Sie Ihr Angelzubeh\u00f6r.\",\"breadcrumb\":{\"@id\":\"https:\/\/monster-bite.madwise-labs.si\/de\/#breadcrumb\"},\"inLanguage\":\"de\",\"potentialAction\":[{\"@type\":\"ReadAction\",\"target\":[\"https:\/\/monster-bite.madwise-labs.si\/de\/\"]}]},{\"@type\":\"ImageObject\",\"inLanguage\":\"de\",\"@id\":\"https:\/\/monster-bite.madwise-labs.si\/de\/#primaryimage\",\"url\":\"https:\/\/monster-bite.madwise-labs.si\/wp-content\/uploads\/2026\/02\/MB-ogimg.jpg\",\"contentUrl\":\"https:\/\/monster-bite.madwise-labs.si\/wp-content\/uploads\/2026\/02\/MB-ogimg.jpg\",\"width\":1200,\"height\":630},{\"@type\":\"BreadcrumbList\",\"@id\":\"https:\/\/monster-bite.madwise-labs.si\/de\/#breadcrumb\",\"itemListElement\":[{\"@type\":\"ListItem\",\"position\":1,\"name\":\"Domov\",\"item\":\"https:\/\/monster-bite.madwise-labs.si\/de\/\"},{\"@type\":\"ListItem\",\"position\":2,\"name\":\"Monster Bite \u2013 Angelshop f\u00fcr jeden Geschmack\"}]},{\"@type\":\"WebSite\",\"@id\":\"https:\/\/monster-bite.madwise-labs.si\/de\/#website\",\"url\":\"https:\/\/monster-bite.madwise-labs.si\/de\/\",\"name\":\"Monster Bite\",\"description\":\"\",\"potentialAction\":[{\"@type\":\"SearchAction\",\"target\":{\"@type\":\"EntryPoint\",\"urlTemplate\":\"https:\/\/monster-bite.madwise-labs.si\/de\/?s={search_term_string}\"},\"query-input\":{\"@type\":\"PropertyValueSpecification\",\"valueRequired\":true,\"valueName\":\"search_term_string\"}}],\"inLanguage\":\"de\"}]}<\/script>\n<!-- \/ Yoast SEO plugin. -->","yoast_head_json":{"title":"Monster Bite \u2013 Angelshop f\u00fcr jeden Geschmack","description":"Entdecken Sie ein breites Sortiment hochwertiger Angelausr\u00fcstung. Alles f\u00fcr Meeres- und S\u00fc\u00dfwasserangeln. W\u00e4hlen Sie Ihr Angelzubeh\u00f6r.","robots":{"index":"noindex","follow":"follow","max-snippet":"max-snippet:-1","max-image-preview":"max-image-preview:large","max-video-preview":"max-video-preview:-1"},"og_locale":"de_DE","og_type":"article","og_title":"Monster Bite \u2013 Angelshop f\u00fcr jeden Geschmack","og_description":"Entdecken Sie ein breites Sortiment hochwertiger Angelausr\u00fcstung. Alles f\u00fcr Meeres- und S\u00fc\u00dfwasserangeln. W\u00e4hlen Sie Ihr Angelzubeh\u00f6r.","og_url":"https:\/\/monster-bite.madwise-labs.si\/de\/","og_site_name":"Monster Bite","article_modified_time":"2026-03-23T18:55:53+00:00","og_image":[{"width":1200,"height":630,"url":"https:\/\/monster-bite.madwise-labs.si\/wp-content\/uploads\/2026\/02\/MB-ogimg.jpg","type":"image\/jpeg"}],"twitter_card":"summary_large_image","twitter_misc":{"Gesch\u00e4tzte Lesezeit":"1\u00a0Minute"},"schema":{"@context":"https:\/\/schema.org","@graph":[{"@type":"WebPage","@id":"https:\/\/monster-bite.madwise-labs.si\/de\/","url":"https:\/\/monster-bite.madwise-labs.si\/de\/","name":"Monster Bite \u2013 Angelshop f\u00fcr jeden Geschmack","isPartOf":{"@id":"https:\/\/monster-bite.madwise-labs.si\/de\/#website"},"primaryImageOfPage":{"@id":"https:\/\/monster-bite.madwise-labs.si\/de\/#primaryimage"},"image":{"@id":"https:\/\/monster-bite.madwise-labs.si\/de\/#primaryimage"},"thumbnailUrl":"https:\/\/monster-bite.madwise-labs.si\/wp-content\/uploads\/2026\/02\/MB-ogimg.jpg","datePublished":"2025-01-10T10:57:50+00:00","dateModified":"2026-03-23T18:55:53+00:00","description":"Entdecken Sie ein breites Sortiment hochwertiger Angelausr\u00fcstung. Alles f\u00fcr Meeres- und S\u00fc\u00dfwasserangeln. W\u00e4hlen Sie Ihr Angelzubeh\u00f6r.","breadcrumb":{"@id":"https:\/\/monster-bite.madwise-labs.si\/de\/#breadcrumb"},"inLanguage":"de","potentialAction":[{"@type":"ReadAction","target":["https:\/\/monster-bite.madwise-labs.si\/de\/"]}]},{"@type":"ImageObject","inLanguage":"de","@id":"https:\/\/monster-bite.madwise-labs.si\/de\/#primaryimage","url":"https:\/\/monster-bite.madwise-labs.si\/wp-content\/uploads\/2026\/02\/MB-ogimg.jpg","contentUrl":"https:\/\/monster-bite.madwise-labs.si\/wp-content\/uploads\/2026\/02\/MB-ogimg.jpg","width":1200,"height":630},{"@type":"BreadcrumbList","@id":"https:\/\/monster-bite.madwise-labs.si\/de\/#breadcrumb","itemListElement":[{"@type":"ListItem","position":1,"name":"Domov","item":"https:\/\/monster-bite.madwise-labs.si\/de\/"},{"@type":"ListItem","position":2,"name":"Monster Bite \u2013 Angelshop f\u00fcr jeden Geschmack"}]},{"@type":"WebSite","@id":"https:\/\/monster-bite.madwise-labs.si\/de\/#website","url":"https:\/\/monster-bite.madwise-labs.si\/de\/","name":"Monster Bite","description":"","potentialAction":[{"@type":"SearchAction","target":{"@type":"EntryPoint","urlTemplate":"https:\/\/monster-bite.madwise-labs.si\/de\/?s={search_term_string}"},"query-input":{"@type":"PropertyValueSpecification","valueRequired":true,"valueName":"search_term_string"}}],"inLanguage":"de"}]}},"_links":{"self":[{"href":"https:\/\/monster-bite.madwise-labs.si\/de\/wp-json\/wp\/v2\/pages\/14213","targetHints":{"allow":["GET"]}}],"collection":[{"href":"https:\/\/monster-bite.madwise-labs.si\/de\/wp-json\/wp\/v2\/pages"}],"about":[{"href":"https:\/\/monster-bite.madwise-labs.si\/de\/wp-json\/wp\/v2\/types\/page"}],"author":[{"embeddable":true,"href":"https:\/\/monster-bite.madwise-labs.si\/de\/wp-json\/wp\/v2\/users\/1"}],"replies":[{"embeddable":true,"href":"https:\/\/monster-bite.madwise-labs.si\/de\/wp-json\/wp\/v2\/comments?post=14213"}],"version-history":[{"count":5,"href":"https:\/\/monster-bite.madwise-labs.si\/de\/wp-json\/wp\/v2\/pages\/14213\/revisions"}],"predecessor-version":[{"id":18865,"href":"https:\/\/monster-bite.madwise-labs.si\/de\/wp-json\/wp\/v2\/pages\/14213\/revisions\/18865"}],"wp:featuredmedia":[{"embeddable":true,"href":"https:\/\/monster-bite.madwise-labs.si\/de\/wp-json\/wp\/v2\/media\/14258"}],"wp:attachment":[{"href":"https:\/\/monster-bite.madwise-labs.si\/de\/wp-json\/wp\/v2\/media?parent=14213"}],"curies":[{"name":"wp","href":"https:\/\/api.w.org\/{rel}","templated":true}]}}